{"id":5909,"date":"2025-01-03T21:30:31","date_gmt":"2025-01-03T20:30:31","guid":{"rendered":"https:\/\/swiss-drops.ch\/?page_id=5909"},"modified":"2025-01-03T21:31:16","modified_gmt":"2025-01-03T20:31:16","slug":"galanthus-painters-canvas","status":"publish","type":"page","link":"https:\/\/swiss-drops.ch\/en\/galanthus-painters-canvas\/","title":{"rendered":"Galanthus 'Painter's Canvas'"},"content":{"rendered":"<div data-elementor-type=\"wp-page\" data-elementor-id=\"5909\" class=\"elementor elementor-5909\">\n\t\t\t\t\t\t<section class=\"elementor-section elementor-top-section elementor-element elementor-element-67b5dda elementor-section-height-full elementor-section-full_width elementor-section-content-middle elementor-section-height-default elementor-section-items-middle\" data-id=\"67b5dda\" data-element_type=\"section\" data-e-type=\"section\" data-settings=\"{&quot;background_background&quot;:&quot;classic&quot;}\">\n\t\t\t\t\t\t\t<div class=\"elementor-background-overlay\"><\/div>\n\t\t\t\t\t\t\t<div class=\"elementor-container elementor-column-gap-no\">\n\t\t\t\t\t<div class=\"elementor-column elementor-col-100 elementor-top-column elementor-element elementor-element-ed63319\" data-id=\"ed63319\" data-element_type=\"column\" data-e-type=\"column\">\n\t\t\t<div class=\"elementor-widget-wrap elementor-element-populated\">\n\t\t\t\t\t\t<div class=\"elementor-element elementor-element-559bc52 elementor-widget elementor-widget-spacer\" data-id=\"559bc52\" data-element_type=\"widget\" data-e-type=\"widget\" data-widget_type=\"spacer.default\">\n\t\t\t\t<div class=\"elementor-widget-container\">\n\t\t\t\t\t\t\t<div class=\"elementor-spacer\">\n\t\t\t<div class=\"elementor-spacer-inner\"><\/div>\n\t\t<\/div>\n\t\t\t\t\t\t<\/div>\n\t\t\t\t<\/div>\n\t\t\t\t<section class=\"elementor-section elementor-inner-section elementor-element elementor-element-9993e0d elementor-section-boxed elementor-section-height-default elementor-section-height-default\" data-id=\"9993e0d\" data-element_type=\"section\" data-e-type=\"section\">\n\t\t\t\t\t\t<div class=\"elementor-container elementor-column-gap-default\">\n\t\t\t\t\t<div class=\"elementor-column elementor-col-50 elementor-inner-column elementor-element elementor-element-bf89afd\" data-id=\"bf89afd\" data-element_type=\"column\" data-e-type=\"column\">\n\t\t\t<div class=\"elementor-widget-wrap elementor-element-populated\">\n\t\t\t\t\t\t<div class=\"elementor-element elementor-element-cac656e elementor-widget elementor-widget-heading\" data-id=\"cac656e\" data-element_type=\"widget\" data-e-type=\"widget\" data-widget_type=\"heading.default\">\n\t\t\t\t<div class=\"elementor-widget-container\">\n\t\t\t\t\t<h2 class=\"elementor-heading-title elementor-size-default\">'Painter's Canvas'<\/h2>\t\t\t\t<\/div>\n\t\t\t\t<\/div>\n\t\t\t\t<div class=\"elementor-element elementor-element-4a70c47 elementor-widget elementor-widget-text-editor\" data-id=\"4a70c47\" data-element_type=\"widget\" data-e-type=\"widget\" data-widget_type=\"text-editor.default\">\n\t\t\t\t<div class=\"elementor-widget-container\">\n\t\t\t\t\t\t\t\t\t<p><em>Galanthus reginae-olgae \u2018Painter's Canvas\u2019<\/em><\/p><p>Galanthus \u2018Painter's Canvas\u2019 was created in 2024 from a breeding collaboration between Yanik Neff from Stein AR in Switzerland and Edgar Wills from Nijmegen in the Netherlands. Because there are only a few really good cultivars of the Queen Olga snowdrop, the two breeders set themselves the task of making special plants accessible to a wider public. The Painter's series brings together plants with green markings that have proven to be worthy of cultivation in terms of growth and flower characteristics.<\/p><p>Galanthus \u2018Painter's Canvas\u2019 is a semi-virescent snowdrop, i.e. a variety with green outer petals but no completely green inner markings. Only a faint upper marking on the inner petals is recognisable, which is very rare in this species. The flower shape is very elegant in appearance due to the graceful and pointed outer petals. The variety has its genetic origin on the island of Corfu in Greece.<\/p>\t\t\t\t\t\t\t\t<\/div>\n\t\t\t\t<\/div>\n\t\t\t\t\t<\/div>\n\t\t<\/div>\n\t\t\t\t<div class=\"elementor-column elementor-col-50 elementor-inner-column elementor-element elementor-element-9d50436\" data-id=\"9d50436\" data-element_type=\"column\" data-e-type=\"column\">\n\t\t\t<div class=\"elementor-widget-wrap elementor-element-populated\">\n\t\t\t\t\t\t<div class=\"elementor-element elementor-element-982a905 elementor-widget elementor-widget-image\" data-id=\"982a905\" data-element_type=\"widget\" data-e-type=\"widget\" data-widget_type=\"image.default\">\n\t\t\t\t<div class=\"elementor-widget-container\">\n\t\t\t\t\t\t\t\t\t\t\t\t\t\t\t<img fetchpriority=\"high\" decoding=\"async\" width=\"800\" height=\"800\" src=\"https:\/\/swiss-drops.ch\/wp-content\/uploads\/2025\/01\/g_painters_canvas.jpg\" class=\"attachment-large size-large wp-image-5911\" alt=\"Galanthus &#039;Painter&#039;s Canvas&#039;\" srcset=\"https:\/\/swiss-drops.ch\/wp-content\/uploads\/2025\/01\/g_painters_canvas.jpg 800w, https:\/\/swiss-drops.ch\/wp-content\/uploads\/2025\/01\/g_painters_canvas-300x300.jpg 300w, https:\/\/swiss-drops.ch\/wp-content\/uploads\/2025\/01\/g_painters_canvas-150x150.jpg 150w, https:\/\/swiss-drops.ch\/wp-content\/uploads\/2025\/01\/g_painters_canvas-768x768.jpg 768w, https:\/\/swiss-drops.ch\/wp-content\/uploads\/2025\/01\/g_painters_canvas-12x12.jpg 12w, https:\/\/swiss-drops.ch\/wp-content\/uploads\/2025\/01\/g_painters_canvas-600x600.jpg 600w, https:\/\/swiss-drops.ch\/wp-content\/uploads\/2025\/01\/g_painters_canvas-100x100.jpg 100w, https:\/\/swiss-drops.ch\/wp-content\/uploads\/2025\/01\/g_painters_canvas-50x50.jpg 50w\" sizes=\"(max-width: 800px) 100vw, 800px\" \/>\t\t\t\t\t\t\t\t\t\t\t\t\t\t\t<\/div>\n\t\t\t\t<\/div>\n\t\t\t\t\t<\/div>\n\t\t<\/div>\n\t\t\t\t\t<\/div>\n\t\t<\/section>\n\t\t\t\t\t<\/div>\n\t\t<\/div>\n\t\t\t\t\t<\/div>\n\t\t<\/section>\n\t\t\t\t<\/div>","protected":false},"excerpt":{"rendered":"<p>'Painter's Canvas' Galanthus reginae-olgae \u2018Painter's Canvas\u2019 Galanthus \u2018Painter's Canvas\u2019 entstand 2024 aus der Zusammenarbeit in der Zucht von Yanik Neff aus Stein AR in der Schweiz und Edgar Wills aus Nijmegen in den Niederlanden. Weil es vom K\u00f6nigin-Olga-Schneegl\u00f6ckchen nur wenige wirklich gute Z\u00fcchtungen gibt, haben es sich die zwei Z\u00fcchter zur Aufgabe gemacht, spezielle Pflanzen [&hellip;]<\/p>\n","protected":false},"author":1,"featured_media":0,"parent":0,"menu_order":94,"comment_status":"closed","ping_status":"closed","template":"elementor_header_footer","meta":{"ocean_post_layout":"","ocean_both_sidebars_style":"","ocean_both_sidebars_content_width":0,"ocean_both_sidebars_sidebars_width":0,"ocean_sidebar":"","ocean_second_sidebar":"","ocean_disable_margins":"enable","ocean_add_body_class":"","ocean_shortcode_before_top_bar":"","ocean_shortcode_after_top_bar":"","ocean_shortcode_before_header":"","ocean_shortcode_after_header":"","ocean_has_shortcode":"","ocean_shortcode_after_title":"","ocean_shortcode_before_footer_widgets":"","ocean_shortcode_after_footer_widgets":"","ocean_shortcode_before_footer_bottom":"","ocean_shortcode_after_footer_bottom":"","ocean_display_top_bar":"default","ocean_display_header":"default","ocean_header_style":"","ocean_center_header_left_menu":"","ocean_custom_header_template":"","ocean_custom_logo":0,"ocean_custom_retina_logo":0,"ocean_custom_logo_max_width":0,"ocean_custom_logo_tablet_max_width":0,"ocean_custom_logo_mobile_max_width":0,"ocean_custom_logo_max_height":0,"ocean_custom_logo_tablet_max_height":0,"ocean_custom_logo_mobile_max_height":0,"ocean_header_custom_menu":"","ocean_menu_typo_font_family":"","ocean_menu_typo_font_subset":"","ocean_menu_typo_font_size":0,"ocean_menu_typo_font_size_tablet":0,"ocean_menu_typo_font_size_mobile":0,"ocean_menu_typo_font_size_unit":"px","ocean_menu_typo_font_weight":"","ocean_menu_typo_font_weight_tablet":"","ocean_menu_typo_font_weight_mobile":"","ocean_menu_typo_transform":"","ocean_menu_typo_transform_tablet":"","ocean_menu_typo_transform_mobile":"","ocean_menu_typo_line_height":0,"ocean_menu_typo_line_height_tablet":0,"ocean_menu_typo_line_height_mobile":0,"ocean_menu_typo_line_height_unit":"","ocean_menu_typo_spacing":0,"ocean_menu_typo_spacing_tablet":0,"ocean_menu_typo_spacing_mobile":0,"ocean_menu_typo_spacing_unit":"","ocean_menu_link_color":"","ocean_menu_link_color_hover":"","ocean_menu_link_color_active":"","ocean_menu_link_background":"","ocean_menu_link_hover_background":"","ocean_menu_link_active_background":"","ocean_menu_social_links_bg":"","ocean_menu_social_hover_links_bg":"","ocean_menu_social_links_color":"","ocean_menu_social_hover_links_color":"","ocean_disable_title":"default","ocean_disable_heading":"default","ocean_post_title":"","ocean_post_subheading":"","ocean_post_title_style":"","ocean_post_title_background_color":"","ocean_post_title_background":0,"ocean_post_title_bg_image_position":"","ocean_post_title_bg_image_attachment":"","ocean_post_title_bg_image_repeat":"","ocean_post_title_bg_image_size":"","ocean_post_title_height":0,"ocean_post_title_bg_overlay":0.5,"ocean_post_title_bg_overlay_color":"","ocean_disable_breadcrumbs":"default","ocean_breadcrumbs_color":"","ocean_breadcrumbs_separator_color":"","ocean_breadcrumbs_links_color":"","ocean_breadcrumbs_links_hover_color":"","ocean_display_footer_widgets":"default","ocean_display_footer_bottom":"default","ocean_custom_footer_template":"","footnotes":""},"class_list":["post-5909","page","type-page","status-publish","hentry","entry","owp-thumbs-layout-horizontal","owp-btn-normal","owp-tabs-layout-horizontal","has-no-thumbnails"],"aioseo_notices":[],"_links":{"self":[{"href":"https:\/\/swiss-drops.ch\/en\/wp-json\/wp\/v2\/pages\/5909","targetHints":{"allow":["GET"]}}],"collection":[{"href":"https:\/\/swiss-drops.ch\/en\/wp-json\/wp\/v2\/pages"}],"about":[{"href":"https:\/\/swiss-drops.ch\/en\/wp-json\/wp\/v2\/types\/page"}],"author":[{"embeddable":true,"href":"https:\/\/swiss-drops.ch\/en\/wp-json\/wp\/v2\/users\/1"}],"replies":[{"embeddable":true,"href":"https:\/\/swiss-drops.ch\/en\/wp-json\/wp\/v2\/comments?post=5909"}],"version-history":[{"count":4,"href":"https:\/\/swiss-drops.ch\/en\/wp-json\/wp\/v2\/pages\/5909\/revisions"}],"predecessor-version":[{"id":5914,"href":"https:\/\/swiss-drops.ch\/en\/wp-json\/wp\/v2\/pages\/5909\/revisions\/5914"}],"wp:attachment":[{"href":"https:\/\/swiss-drops.ch\/en\/wp-json\/wp\/v2\/media?parent=5909"}],"curies":[{"name":"wp","href":"https:\/\/api.w.org\/{rel}","templated":true}]}}