{"id":667,"date":"2020-12-27T15:56:16","date_gmt":"2020-12-27T15:56:16","guid":{"rendered":"https:\/\/swiss-drops.ch\/?page_id=667"},"modified":"2021-01-01T20:44:43","modified_gmt":"2021-01-01T19:44:43","slug":"galanthus-pumpot","status":"publish","type":"page","link":"https:\/\/swiss-drops.ch\/en\/galanthus-pumpot\/","title":{"rendered":"Galanthus 'Pumpot'"},"content":{"rendered":"<div data-elementor-type=\"wp-page\" data-elementor-id=\"667\" class=\"elementor elementor-667\">\n\t\t\t\t\t\t<section class=\"elementor-section elementor-top-section elementor-element elementor-element-67b5dda elementor-section-height-full elementor-section-full_width elementor-section-content-middle elementor-section-height-default elementor-section-items-middle\" data-id=\"67b5dda\" data-element_type=\"section\" data-e-type=\"section\" data-settings=\"{&quot;background_background&quot;:&quot;classic&quot;}\">\n\t\t\t\t\t\t\t<div class=\"elementor-background-overlay\"><\/div>\n\t\t\t\t\t\t\t<div class=\"elementor-container elementor-column-gap-no\">\n\t\t\t\t\t<div class=\"elementor-column elementor-col-100 elementor-top-column elementor-element elementor-element-ed63319\" data-id=\"ed63319\" data-element_type=\"column\" data-e-type=\"column\">\n\t\t\t<div class=\"elementor-widget-wrap elementor-element-populated\">\n\t\t\t\t\t\t<div class=\"elementor-element elementor-element-559bc52 elementor-widget elementor-widget-spacer\" data-id=\"559bc52\" data-element_type=\"widget\" data-e-type=\"widget\" data-widget_type=\"spacer.default\">\n\t\t\t\t<div class=\"elementor-widget-container\">\n\t\t\t\t\t\t\t<div class=\"elementor-spacer\">\n\t\t\t<div class=\"elementor-spacer-inner\"><\/div>\n\t\t<\/div>\n\t\t\t\t\t\t<\/div>\n\t\t\t\t<\/div>\n\t\t\t\t<section class=\"elementor-section elementor-inner-section elementor-element elementor-element-9993e0d elementor-section-boxed elementor-section-height-default elementor-section-height-default\" data-id=\"9993e0d\" data-element_type=\"section\" data-e-type=\"section\">\n\t\t\t\t\t\t<div class=\"elementor-container elementor-column-gap-default\">\n\t\t\t\t\t<div class=\"elementor-column elementor-col-50 elementor-inner-column elementor-element elementor-element-bf89afd\" data-id=\"bf89afd\" data-element_type=\"column\" data-e-type=\"column\">\n\t\t\t<div class=\"elementor-widget-wrap elementor-element-populated\">\n\t\t\t\t\t\t<div class=\"elementor-element elementor-element-cac656e elementor-widget elementor-widget-heading\" data-id=\"cac656e\" data-element_type=\"widget\" data-e-type=\"widget\" data-widget_type=\"heading.default\">\n\t\t\t\t<div class=\"elementor-widget-container\">\n\t\t\t\t\t<h2 class=\"elementor-heading-title elementor-size-default\">\u2018Pumpot\u2019<\/h2>\t\t\t\t<\/div>\n\t\t\t\t<\/div>\n\t\t\t\t<div class=\"elementor-element elementor-element-4a70c47 elementor-widget elementor-widget-text-editor\" data-id=\"4a70c47\" data-element_type=\"widget\" data-e-type=\"widget\" data-widget_type=\"text-editor.default\">\n\t\t\t\t<div class=\"elementor-widget-container\">\n\t\t\t\t\t\t\t\t\t<p><em>Galanthus nivalis \u2018Pumpot\u2019<\/em><em><br \/><\/em><br \/>Galanthus \u2018Pumpot\u2019 is the first inverse poculiform Galanthus nivalis, which was found by the German snowdrop collector J\u00f6rg Lebsa from Dresden. In this flower anomaly, the outer petals are of the same shape as the inner petals, sometimes even with the same spots. In contrast, a flower that has six identical petals looking like outers is called poculiform.<br \/>The term inverse poculiform is generally abbreviated and galanthophiles simply use the word ipoc for these kinds of snowdrops. The best-known representative of this ipoc group is Galanthus plicatus \u2018Trym\u2019 with all its descendants, of which there are dozens nowadays. Although this type of mutation is by no means new to Galanthus nivalis, only a handful of varieties with these flower characteristics exist in collections. This is surprising because they are extremely attractive, especially when grown in a clump, despite their smallish flowers.<\/p>\t\t\t\t\t\t\t\t<\/div>\n\t\t\t\t<\/div>\n\t\t\t\t\t<\/div>\n\t\t<\/div>\n\t\t\t\t<div class=\"elementor-column elementor-col-50 elementor-inner-column elementor-element elementor-element-9d50436\" data-id=\"9d50436\" data-element_type=\"column\" data-e-type=\"column\">\n\t\t\t<div class=\"elementor-widget-wrap elementor-element-populated\">\n\t\t\t\t\t\t<div class=\"elementor-element elementor-element-982a905 elementor-widget elementor-widget-image\" data-id=\"982a905\" data-element_type=\"widget\" data-e-type=\"widget\" data-widget_type=\"image.default\">\n\t\t\t\t<div class=\"elementor-widget-container\">\n\t\t\t\t\t\t\t\t\t\t\t\t\t\t\t<img fetchpriority=\"high\" decoding=\"async\" width=\"800\" height=\"800\" src=\"https:\/\/swiss-drops.ch\/wp-content\/uploads\/2020\/12\/g_pumpot.jpg\" class=\"attachment-large size-large wp-image-242\" alt=\"Einzelbl\u00fcte der kleinen Schneegl\u00f6ckchensorte mit gr\u00fcnen Punkten Galanthus &#039;Pumpot&#039;\" srcset=\"https:\/\/swiss-drops.ch\/wp-content\/uploads\/2020\/12\/g_pumpot.jpg 800w, https:\/\/swiss-drops.ch\/wp-content\/uploads\/2020\/12\/g_pumpot-300x300.jpg 300w, https:\/\/swiss-drops.ch\/wp-content\/uploads\/2020\/12\/g_pumpot-100x100.jpg 100w, https:\/\/swiss-drops.ch\/wp-content\/uploads\/2020\/12\/g_pumpot-600x600.jpg 600w, https:\/\/swiss-drops.ch\/wp-content\/uploads\/2020\/12\/g_pumpot-150x150.jpg 150w, https:\/\/swiss-drops.ch\/wp-content\/uploads\/2020\/12\/g_pumpot-768x768.jpg 768w\" sizes=\"(max-width: 800px) 100vw, 800px\" \/>\t\t\t\t\t\t\t\t\t\t\t\t\t\t\t<\/div>\n\t\t\t\t<\/div>\n\t\t\t\t\t<\/div>\n\t\t<\/div>\n\t\t\t\t\t<\/div>\n\t\t<\/section>\n\t\t\t\t\t<\/div>\n\t\t<\/div>\n\t\t\t\t\t<\/div>\n\t\t<\/section>\n\t\t\t\t<\/div>","protected":false},"excerpt":{"rendered":"<p>'Pumpot' Galanthus nivalis \u2018Pumpot\u2019Galanthus \u2018Pumpot\u2019 gilt als das erste umgekehrt poculiforme Galanthus nivalis, das durch den deutschen Schneegl\u00f6ckchensammler J\u00f6rg Lebsa aus Dresden gefunden wurde. Bei dieser Bl\u00fctenanomalie sind die \u00e4usseren Bl\u00fctenbl\u00e4tter den inneren Bl\u00fctenbl\u00e4ttern nachempfunden. Im Gegensatz dazu wird eine Bl\u00fcte, die aus sechs identischen \u00e4usseren Bl\u00fctenbl\u00e4ttern gebildet wird als poculiform bezeichnet.Der Begriff invers (umgekehrt) [&hellip;]<\/p>\n","protected":false},"author":1,"featured_media":0,"parent":0,"menu_order":76,"comment_status":"closed","ping_status":"closed","template":"elementor_header_footer","meta":{"ocean_post_layout":"","ocean_both_sidebars_style":"","ocean_both_sidebars_content_width":0,"ocean_both_sidebars_sidebars_width":0,"ocean_sidebar":"","ocean_second_sidebar":"","ocean_disable_margins":"enable","ocean_add_body_class":"","ocean_shortcode_before_top_bar":"","ocean_shortcode_after_top_bar":"","ocean_shortcode_before_header":"","ocean_shortcode_after_header":"","ocean_has_shortcode":"","ocean_shortcode_after_title":"","ocean_shortcode_before_footer_widgets":"","ocean_shortcode_after_footer_widgets":"","ocean_shortcode_before_footer_bottom":"","ocean_shortcode_after_footer_bottom":"","ocean_display_top_bar":"default","ocean_display_header":"default","ocean_header_style":"","ocean_center_header_left_menu":"","ocean_custom_header_template":"","ocean_custom_logo":0,"ocean_custom_retina_logo":0,"ocean_custom_logo_max_width":0,"ocean_custom_logo_tablet_max_width":0,"ocean_custom_logo_mobile_max_width":0,"ocean_custom_logo_max_height":0,"ocean_custom_logo_tablet_max_height":0,"ocean_custom_logo_mobile_max_height":0,"ocean_header_custom_menu":"","ocean_menu_typo_font_family":"","ocean_menu_typo_font_subset":"","ocean_menu_typo_font_size":0,"ocean_menu_typo_font_size_tablet":0,"ocean_menu_typo_font_size_mobile":0,"ocean_menu_typo_font_size_unit":"px","ocean_menu_typo_font_weight":"","ocean_menu_typo_font_weight_tablet":"","ocean_menu_typo_font_weight_mobile":"","ocean_menu_typo_transform":"","ocean_menu_typo_transform_tablet":"","ocean_menu_typo_transform_mobile":"","ocean_menu_typo_line_height":0,"ocean_menu_typo_line_height_tablet":0,"ocean_menu_typo_line_height_mobile":0,"ocean_menu_typo_line_height_unit":"","ocean_menu_typo_spacing":0,"ocean_menu_typo_spacing_tablet":0,"ocean_menu_typo_spacing_mobile":0,"ocean_menu_typo_spacing_unit":"","ocean_menu_link_color":"","ocean_menu_link_color_hover":"","ocean_menu_link_color_active":"","ocean_menu_link_background":"","ocean_menu_link_hover_background":"","ocean_menu_link_active_background":"","ocean_menu_social_links_bg":"","ocean_menu_social_hover_links_bg":"","ocean_menu_social_links_color":"","ocean_menu_social_hover_links_color":"","ocean_disable_title":"default","ocean_disable_heading":"default","ocean_post_title":"","ocean_post_subheading":"","ocean_post_title_style":"","ocean_post_title_background_color":"","ocean_post_title_background":0,"ocean_post_title_bg_image_position":"","ocean_post_title_bg_image_attachment":"","ocean_post_title_bg_image_repeat":"","ocean_post_title_bg_image_size":"","ocean_post_title_height":0,"ocean_post_title_bg_overlay":0.5,"ocean_post_title_bg_overlay_color":"","ocean_disable_breadcrumbs":"default","ocean_breadcrumbs_color":"","ocean_breadcrumbs_separator_color":"","ocean_breadcrumbs_links_color":"","ocean_breadcrumbs_links_hover_color":"","ocean_display_footer_widgets":"default","ocean_display_footer_bottom":"default","ocean_custom_footer_template":"","footnotes":""},"class_list":["post-667","page","type-page","status-publish","hentry","entry","owp-thumbs-layout-horizontal","owp-btn-normal","owp-tabs-layout-horizontal","has-no-thumbnails"],"aioseo_notices":[],"_links":{"self":[{"href":"https:\/\/swiss-drops.ch\/en\/wp-json\/wp\/v2\/pages\/667","targetHints":{"allow":["GET"]}}],"collection":[{"href":"https:\/\/swiss-drops.ch\/en\/wp-json\/wp\/v2\/pages"}],"about":[{"href":"https:\/\/swiss-drops.ch\/en\/wp-json\/wp\/v2\/types\/page"}],"author":[{"embeddable":true,"href":"https:\/\/swiss-drops.ch\/en\/wp-json\/wp\/v2\/users\/1"}],"replies":[{"embeddable":true,"href":"https:\/\/swiss-drops.ch\/en\/wp-json\/wp\/v2\/comments?post=667"}],"version-history":[{"count":15,"href":"https:\/\/swiss-drops.ch\/en\/wp-json\/wp\/v2\/pages\/667\/revisions"}],"predecessor-version":[{"id":2799,"href":"https:\/\/swiss-drops.ch\/en\/wp-json\/wp\/v2\/pages\/667\/revisions\/2799"}],"wp:attachment":[{"href":"https:\/\/swiss-drops.ch\/en\/wp-json\/wp\/v2\/media?parent=667"}],"curies":[{"name":"wp","href":"https:\/\/api.w.org\/{rel}","templated":true}]}}